{"id":11,"date":"2023-06-21T12:55:58","date_gmt":"2023-06-21T09:55:58","guid":{"rendered":"https:\/\/seosimply.com\/fi\/?page_id=11"},"modified":"2023-07-11T16:10:03","modified_gmt":"2023-07-11T13:10:03","slug":"html-sitemap","status":"publish","type":"page","link":"https:\/\/seosimply.com\/fi\/html-sitemap","title":{"rendered":"HTML Sitemap"},"content":{"rendered":"<div class=\"aioseo-html-sitemap\"><style>.aioseo-html-sitemap.labels-hidden ul { margin: 0; }<\/style><div class=\"aioseo-html-post-sitemap\"><h4>Posts<\/h4><ul><li><a href=\"https:\/\/seosimply.com\/fi\/blog\/crafting-a-compelling-seo-strategy-for-digital-dominance\" >Luomassa Houkuttelevaa SEO-Strategiaa Digitaaliseen Hallintaan<\/a><\/li><li><a href=\"https:\/\/seosimply.com\/fi\/blog\/the-ultimate-guide-to-meta-tag-mastery\" >Kattava Opas Meta-Tunnisteiden Hallintaan<\/a><\/li><li><a href=\"https:\/\/seosimply.com\/fi\/blog\/the-role-of-link-building-in-the-tapestry-of-modern-seo\" >Linkkien Rakentamisen Rooli Nykyaikaisen SEO:n Kudelmassa<\/a><\/li><\/ul><\/div><br \/><div class=\"aioseo-html-page-sitemap\"><h4>Pages<\/h4><ul><li><a href=\"https:\/\/seosimply.com\/fi\/knowledge\" >Knowledge<\/a><ul><li><a href=\"https:\/\/seosimply.com\/fi\/knowledge\/meta-tags\" >Meta Tags<\/a><\/li><li><a href=\"https:\/\/seosimply.com\/fi\/knowledge\/search-engine-optimization\" >Search Engine Optimization<\/a><\/li><li><a href=\"https:\/\/seosimply.com\/fi\/knowledge\/what-is-content-marketing\" >What is Content Marketing<\/a><\/li><\/ul><\/li><li><a href=\"https:\/\/seosimply.com\/fi\/industry\" >SEO by Industry<\/a><ul><li><a href=\"https:\/\/seosimply.com\/fi\/industry\/automotive-seo\" >Automotive SEO<\/a><\/li><li><a href=\"https:\/\/seosimply.com\/fi\/industry\/e-commerce-seo\" >E-Commerce SEO<\/a><\/li><li><a href=\"https:\/\/seosimply.com\/fi\/industry\/b2b-seo\" >B2B SEO<\/a><\/li><li><a href=\"https:\/\/seosimply.com\/fi\/industry\/education-seo\" >Education SEO<\/a><\/li><li><a href=\"https:\/\/seosimply.com\/fi\/industry\/healthcare-seo\" >Healthcare SEO<\/a><\/li><li><a href=\"https:\/\/seosimply.com\/fi\/industry\/industrial-seo\" >Industrial SEO<\/a><\/li><li><a href=\"https:\/\/seosimply.com\/fi\/industry\/professional-seo\" >Professional SEO<\/a><\/li><\/ul><\/li><li><a href=\"https:\/\/seosimply.com\/fi\/seo\" >SEO company<\/a><\/li><li><a href=\"https:\/\/seosimply.com\/fi\/seo-agency\" >SEO agency<\/a><\/li><li><a href=\"https:\/\/seosimply.com\/fi\/e-commerce\" >E-commerce SEO agency<\/a><\/li><li><a href=\"https:\/\/seosimply.com\/fi\/contact-us\" >Contact us<\/a><\/li><li><a href=\"https:\/\/seosimply.com\/fi\/seo-packages\" >SEO packages<\/a><\/li><li><a href=\"https:\/\/seosimply.com\/fi\/seo-consultant\" >SEO consultant<\/a><\/li><li><a href=\"https:\/\/seosimply.com\/fi\/seo-marketing\" >SEO marketing<\/a><\/li><li><a href=\"https:\/\/seosimply.com\/fi\/local-seo\" >Local SEO<\/a><\/li><li><a href=\"https:\/\/seosimply.com\/fi\/technical-seo\" >Technical SEO<\/a><\/li><li><a href=\"https:\/\/seosimply.com\/fi\/website-review\" >Website review<\/a><\/li><li><a href=\"https:\/\/seosimply.com\/fi\/privacy-policy\" >Privacy Policy<\/a><\/li><li><a href=\"https:\/\/seosimply.com\/fi\/technical-and-seo-audit\" >Tarkkuuteen Perustuva Tekninen ja SEO Auditointi Digitaalisen Strategiasi Optimointi<\/a><\/li><li><a href=\"https:\/\/seosimply.com\/fi\/on-page-seo\" >Meid\u00e4n Sivuston Sis\u00e4isen SEO:n L\u00e4hestymistapa<\/a><\/li><li><a href=\"https:\/\/seosimply.com\/fi\/off-page-optimization\" >Meid\u00e4n Ulkopuolinen SEO-Strategiamme<\/a><\/li><li><a href=\"https:\/\/seosimply.com\/fi\/keyword-research\" >Tarkkuuteen Perustuva Avainsanatutkimus<\/a><\/li><li><a href=\"https:\/\/seosimply.com\/fi\/\" >MITEN SEO-PALVELUT TOIMIVAT?<\/a><\/li><\/ul><\/div><br \/><div class=\"aioseo-html-category-sitemap\"><h4>Categories<\/h4><ul><li><a href=\"https:\/\/seosimply.com\/fi\/blog\" >Blog<\/a><\/li><\/ul><\/div><br \/><\/div>\n","protected":false},"excerpt":{"rendered":"","protected":false},"author":1,"featured_media":0,"parent":0,"menu_order":110,"comment_status":"closed","ping_status":"closed","template":"","meta":{"footnotes":""},"acf":[],"aioseo_notices":[],"_links":{"self":[{"href":"https:\/\/seosimply.com\/fi\/wp-json\/wp\/v2\/pages\/11"}],"collection":[{"href":"https:\/\/seosimply.com\/fi\/wp-json\/wp\/v2\/pages"}],"about":[{"href":"https:\/\/seosimply.com\/fi\/wp-json\/wp\/v2\/types\/page"}],"author":[{"embeddable":true,"href":"https:\/\/seosimply.com\/fi\/wp-json\/wp\/v2\/users\/1"}],"replies":[{"embeddable":true,"href":"https:\/\/seosimply.com\/fi\/wp-json\/wp\/v2\/comments?post=11"}],"version-history":[{"count":0,"href":"https:\/\/seosimply.com\/fi\/wp-json\/wp\/v2\/pages\/11\/revisions"}],"wp:attachment":[{"href":"https:\/\/seosimply.com\/fi\/wp-json\/wp\/v2\/media?parent=11"}],"curies":[{"name":"wp","href":"https:\/\/api.w.org\/{rel}","templated":true}]}}