{"id":15,"date":"2023-06-21T13:06:22","date_gmt":"2023-06-21T10:06:22","guid":{"rendered":"https:\/\/seosimply.com\/fi\/?page_id=15"},"modified":"2025-02-17T13:12:47","modified_gmt":"2025-02-17T10:12:47","slug":"on-page-seo","status":"publish","type":"page","link":"https:\/\/seosimply.com\/fi\/on-page-seo","title":{"rendered":"Meid\u00e4n Sivuston Sis\u00e4isen SEO:n L\u00e4hestymistapa"},"content":{"rendered":"\n<p>Digitaalisen maailman jatkuvasti muuttuvassa hiekassa, sivuston sis\u00e4inen SEO on kuin veist\u00e4j\u00e4n ty\u00f6kalut, huolellisesti muotoillen verkkosivustosi n\u00e4kyvyytt\u00e4 ja suorituskyky\u00e4. Taitomme on ohjattu todistetuilla, dataan perustuvilla strategioilla, jokainen vedos t\u00e4hd\u00e4ten nostamaan sivustosi statusta hakukoneiden gallerioissa. T\u00e4m\u00e4 kertomus hahmottelee tiimimme omistautumista jokaisen pikselin ja koodinp\u00e4tk\u00e4n jalostamiseen verkkosivustollasi tarkkuudella ja luovuudella.<\/p>\n\n\n\n<h2 class=\"wp-block-heading\">Sivuston Sis\u00e4inen SEO Purettuna<\/h2>\n\n\n\n<p><strong>Luomassa Taideteosta<\/strong><\/p>\n\n\n\n<p>Sivuston sis\u00e4inen SEO on kangas, jolle verkkosivustosi menestys maalataan. Se on monimutkainen sekoitus sis\u00e4ll\u00f6n hienostuneisuutta, rakenteellista eheytt\u00e4 ja HTML:n vivahteita, kaikki harmonisoitu tekem\u00e4\u00e4n sivustostasi kaikupohjaa hakukoneille ja k\u00e4ytt\u00e4jille samoin. V\u00e4ripalettamme ulottuu avainsanojen ulkopuolelle, omaksuen kokonaisvaltaisen l\u00e4hestymistavan p\u00e4ivitt\u00e4\u00e4ksesi sivustosi meta-kuvaukset ja otsikot, ja kutoen saumattoman k\u00e4ytt\u00e4j\u00e4kokemuksen kaikille digitaalisille kosketuspisteille.<\/p>\n\n\n\n<h2 class=\"wp-block-heading\">Kattavan SEO-Tarkastuksen Suorittaminen<\/h2>\n\n\n\n<p><strong>Alustava Luonnos<\/strong><\/p>\n\n\n\n<p>Taiteellinen matkamme alkaa yksityiskohtaisella <a href=\"https:\/\/seosimply.com\/fi\/technical-and-seo-audit\" title=\"\">SEO- ja Teknisell\u00e4 Tarkastuksella<\/a>, paljastaen kerroksia, jotka kaipaavat hiontaa. T\u00e4m\u00e4 tutkimusvaihe valaisee parannettavia alueita, hienovaraisista meta-tunnisteiden s\u00e4vyist\u00e4 avainsanojen sijoittelun leveisiin vedoksiin, asettaen n\u00e4ytt\u00e4m\u00f6n r\u00e4\u00e4t\u00e4l\u00f6idylle strategialle, joka heijastaa sivustosi ainutlaatuista olemusta.<\/p>\n\n\n\n<h2 class=\"wp-block-heading\">R\u00e4\u00e4t\u00e4l\u00f6ity Sivuston Sis\u00e4inen SEO-Analyysi<\/h2>\n\n\n\n<p><strong>S\u00e4vellyksen Hienos\u00e4\u00e4t\u00f6<\/strong><\/p>\n\n\n\n<p>Auditoinnin oivalluksista syvennymme huolelliseen analyysiin sivustosi rakenteesta ja narratiivista. Tutkien URL-rakenteita, sis\u00e4isi\u00e4 linkitysmalleja ja sis\u00e4ll\u00f6n laatua, l\u00f6yd\u00e4mme mahdollisuuksia rikastaa sivustosi SEO-suorituskyky\u00e4. T\u00e4m\u00e4 vaihe on kuin ymm\u00e4rt\u00e4isi sivustosi sielun, laatiessa strategiaa, joka on linjassa br\u00e4ndisi vision ja pyrkimysten kanssa.<\/p>\n\n\n\n<div class=\"wp-block-buttons is-content-justification-center is-layout-flex wp-container-core-buttons-is-layout-1 wp-block-buttons-is-layout-flex\">\n<div class=\"wp-block-button is-style-fill\"><a class=\"wp-block-button__link has-background has-text-align-center wp-element-button\" href=\"#pricing\" style=\"background-color:#0643a7\" rel=\"\">Nosta Sivustosi Narratiivi 300%:lla Omaan R\u00e4\u00e4t\u00e4l\u00f6ityyn Sivuston Sis\u00e4iseen SEO-Strategiaamme<\/a><\/div>\n<\/div>\n\n\n\n<h2 class=\"wp-block-heading\">Meid\u00e4n Sivuston Sis\u00e4inen SEO-Tarkistuslista<\/h2>\n\n\n\n<p><strong>Paletti T\u00e4ydellisyydelle<\/strong><\/p>\n\n\n\n<p>Perusteellisen optimoinnin saavuttamiseksi k\u00e4yt\u00e4mme yksityiskohtaista sivuston sis\u00e4isen SEO:n tarkistuslistaa, varmistaen, ettei mik\u00e4\u00e4n yksityiskohta j\u00e4\u00e4 huomiotta:<\/p>\n\n\n\n<ul>\n<li><strong>Strategiset Avainsana Siveltimenvedot:<\/strong> Sijoitamme olennaisia avainsanoja sis\u00e4lt\u00f6\u00f6si, otsikoihisi ja meta-tunnisteisiisi, parantaen luettavuutta ja n\u00e4kyvyytt\u00e4 hakukoneen kankaalla.<\/li>\n\n\n\n<li><strong>Sis\u00e4ll\u00f6n Veist\u00e4minen:<\/strong> Keskitymme luomaan sis\u00e4lt\u00f6\u00e4, joka vangitsee ja pit\u00e4\u00e4 yleis\u00f6si kiinnostusta yll\u00e4, rikastaen heid\u00e4n kokemustaan ja rohkaisten pidemp\u00e4\u00e4n sitoutumiseen.<\/li>\n\n\n\n<li><strong>Meta-Tunnisteiden Hionta:<\/strong> Oleellinen hakukoneiden katseelle ja k\u00e4ytt\u00e4j\u00e4vuorovaikutukselle, huolellisesti muotoilemme meta-otsikkosi ja -kuvauksesi vangitakseen jokaisen sivun ytimen.<\/li>\n\n\n\n<li><strong>Tekniset Parannukset:<\/strong> K\u00e4sittelemme sivustosi perusrakennetta, hienos\u00e4\u00e4d\u00e4mme teknisi\u00e4 n\u00e4k\u00f6kohtia parantaaksemme latausaikoja, varmistamme responsiivisuuden ja korjaamme virheit\u00e4, parantaen kokonaissuorituskyky\u00e4.<\/li>\n\n\n\n<li><strong>Arkkitehtuurinen Eleganssi:<\/strong> Hiotamme sivustosi arkkitehtuuria intuitiiviseen navigointiin, varmistaen, ett\u00e4 sek\u00e4 k\u00e4ytt\u00e4j\u00e4t ett\u00e4 hakukoneet voivat vaivattomasti tutkia digitaalista maisemaasi.<\/li>\n<\/ul>\n\n\n\n<p>Ammattimaisen sivuston sis\u00e4isen SEO-palvelun saamiseksi sinun tulee valita kattava <a href=\"#pricing\" title=\"\">SEO Simply -paketimme<\/a>. Sivuston sis\u00e4isen SEO-ty\u00f6kalujen k\u00e4ytt\u00e4minen on ensimm\u00e4inen askel sivustosi parantamisessa ja edist\u00e4misess\u00e4.<\/p>\n","protected":false},"excerpt":{"rendered":"<p>Veist\u00e4m\u00e4ss\u00e4 Digitaalista Maisemaa<\/p>\n","protected":false},"author":1,"featured_media":0,"parent":0,"menu_order":1,"comment_status":"closed","ping_status":"closed","template":"services.php","meta":{"footnotes":""},"acf":[],"aioseo_notices":[],"_links":{"self":[{"href":"https:\/\/seosimply.com\/fi\/wp-json\/wp\/v2\/pages\/15"}],"collection":[{"href":"https:\/\/seosimply.com\/fi\/wp-json\/wp\/v2\/pages"}],"about":[{"href":"https:\/\/seosimply.com\/fi\/wp-json\/wp\/v2\/types\/page"}],"author":[{"embeddable":true,"href":"https:\/\/seosimply.com\/fi\/wp-json\/wp\/v2\/users\/1"}],"replies":[{"embeddable":true,"href":"https:\/\/seosimply.com\/fi\/wp-json\/wp\/v2\/comments?post=15"}],"version-history":[{"count":0,"href":"https:\/\/seosimply.com\/fi\/wp-json\/wp\/v2\/pages\/15\/revisions"}],"wp:attachment":[{"href":"https:\/\/seosimply.com\/fi\/wp-json\/wp\/v2\/media?parent=15"}],"curies":[{"name":"wp","href":"https:\/\/api.w.org\/{rel}","templated":true}]}}