{"id":16,"date":"2023-06-21T13:06:57","date_gmt":"2023-06-21T10:06:57","guid":{"rendered":"https:\/\/seosimply.com\/fi\/?page_id=16"},"modified":"2025-02-17T13:13:02","modified_gmt":"2025-02-17T10:13:02","slug":"off-page-optimization","status":"publish","type":"page","link":"https:\/\/seosimply.com\/fi\/off-page-optimization","title":{"rendered":"Meid\u00e4n Ulkopuolinen SEO-Strategiamme"},"content":{"rendered":"\n<h2 class=\"wp-block-heading\">Kohottaen Digitaalista Ekosysteemi\u00e4si Navigoiden Verkkosivustosi Rajojen Ulkopuolella<\/h2>\n\n\n\n<p>Digitaalisen maailman monimutkaisessa kudelmassa ulkopuolinen SEO nousee esiin t\u00e4rke\u00e4n\u00e4 lankana, kutoen yhteen ulkoiset elementit, jotka vahvistavat sivustosi asemaa internetiss\u00e4. Hienovarainen strategiamme ylitt\u00e4\u00e4 perinteiset taktiikat, keskittyen rikastamaan digitaalista ekosysteemi\u00e4si aidoilla vuorovaikutuksilla ja auktoritatiivisilla takaisinlinkeill\u00e4. T\u00e4m\u00e4 kertomus paljastaa ainutlaatuisen l\u00e4hestymistapamme vahvistamaan online-l\u00e4sn\u00e4oloasi, varmistaen, ett\u00e4 se kaikuu syv\u00e4sti webin laajoissa verkostoissa.<\/p>\n\n\n\n<h2 class=\"wp-block-heading\">Ulkopuolisen SEO:n Taide<\/h2>\n\n\n\n<p><strong>Viljellen Digitaalista Arvostusta<\/strong><\/p>\n\n\n\n<p>Ulkopuolinen SEO, strategia verkkosivustosi ulkopuolella, on keskeinen rooli digitaalisen arvostuksesi muovaamisessa. Kyse ei ole pelk\u00e4st\u00e4\u00e4n takaisinlinkeist\u00e4, vaan maineen luomisesta, jota hakukoneet ja yleis\u00f6t ihailevat. Filosofiamme keskittyy luomaan digitaalista hehkua, joka luonnollisesti houkuttelee tunnustusta, hy\u00f6dynt\u00e4en takaisinlinkkien, sosiaalisen median tarinoiden ja vaikutusvaltaisten kumppanuuksien synergioita levitt\u00e4m\u00e4\u00e4n br\u00e4ndisi \u00e4\u00e4nt\u00e4 laajalle ja kauas.<\/p>\n\n\n\n<h2 class=\"wp-block-heading\">Ulottuvuuden Mestaruuden Taide<\/h2>\n\n\n\n<p><strong>Strategiamme Kulmakivi<\/strong><\/p>\n\n\n\n<p>Strategiamme kulmakivi ulkopuoliseen SEO:hon on mestarillisesti orkestroitu ulottuvuusohjelma. Toisin kuin perinteiset, transaktionaaliset linkinrakennuspyrkimykset, meid\u00e4n ulottuvuutemme on vuoropuhelua \u2013 aitoa vuorovaikutusta ajattelijoiden, markkinaraon vaikuttajien ja auktoritatiivisten alustojen kanssa. Huolellisesti vaalimme suhteita, jotka tuottavat paitsi takaisinlinkkej\u00e4 my\u00f6s liittoutumia, rikastuttaen digitaalista narratiiviasi jaettujen arvojen ja keskin\u00e4isten hy\u00f6tyjen kautta.<\/p>\n\n\n\n<h2 class=\"wp-block-heading\">Sosiaalisen Median Dynamiikka<\/h2>\n\n\n\n<p><strong>Enemm\u00e4n Kuin Vain Jakaminen<\/strong><\/p>\n\n\n\n<p>L\u00e4hestymistapamme sosiaaliseen mediaan ylitt\u00e4\u00e4 perinteisen jakamisen paradigman. Sitoudumme luomaan tarinoita, jotka kaikuvat br\u00e4ndisi eetoksen mukaisesti, tarinoita, jotka jaetaan orgaanisesti alustoilla, kasvattaen yhteis\u00f6\u00e4 tukijoista. Strategisten vuorovaikutusten ja kiehtovan sis\u00e4ll\u00f6n kautta varmistamme, ett\u00e4 br\u00e4ndisi muodostuu digitaalisten keskustelujen p\u00e4ivitt\u00e4iseksi elementiksi.<\/p>\n\n\n\n<h2 class=\"wp-block-heading\">Sis\u00e4lt\u00f6 Kuin Magneetti<\/h2>\n\n\n\n<p><strong>Vetovoimaa Auktoriteetin Kautta<\/strong><\/p>\n\n\n\n<p>Ulkopuolisen SEO:n pyrkimystemme ytimess\u00e4 on arvopohjaisen sis\u00e4ll\u00f6n magneettinen vetovoima. Uskomme sis\u00e4ll\u00f6n luomiseen, joka palvelee, opettaa ja viihdytt\u00e4\u00e4, vet\u00e4en siten luonnollisesti puoleensa takaisinlinkkej\u00e4 ja sosiaalisen median jakoja. T\u00e4m\u00e4 sis\u00e4lt\u00f6 toimii majakkana, houkutellen yleis\u00f6j\u00e4 ja vakiinnuttaen br\u00e4ndisi ajatusjohtajuuden alallasi.<\/p>\n\n\n\n<h2 class=\"wp-block-heading\">Vaikuttajien Synergioiden Hy\u00f6dynt\u00e4minen<\/h2>\n\n\n\n<p><strong>Aidot Yhteisty\u00f6t Laajemman Vaikutuksen Saavuttamiseksi<\/strong><\/p>\n\n\n\n<p>Strategiamme hy\u00f6dynt\u00e4\u00e4 vaikuttajayhteisty\u00f6n voimaa, liikkuen pelkkien suositusten tuolle puolen edist\u00e4\u00e4ksemme aitoja, synergisi\u00e4 kumppanuuksia. N\u00e4m\u00e4 yhteisty\u00f6t valitaan huolellisesti vastaamaan br\u00e4ndisi narratiivia, varmistaen, ett\u00e4 jokainen jaettu viesti vahvistaa online-l\u00e4sn\u00e4oloasi aitona ja merkitt\u00e4v\u00e4n\u00e4.<\/p>\n\n\n\n<p><\/p>\n","protected":false},"excerpt":{"rendered":"<p>Digitaalisen ekosysteemin kohottaminen<\/p>\n","protected":false},"author":1,"featured_media":0,"parent":0,"menu_order":2,"comment_status":"closed","ping_status":"closed","template":"services.php","meta":{"footnotes":""},"acf":[],"aioseo_notices":[],"_links":{"self":[{"href":"https:\/\/seosimply.com\/fi\/wp-json\/wp\/v2\/pages\/16"}],"collection":[{"href":"https:\/\/seosimply.com\/fi\/wp-json\/wp\/v2\/pages"}],"about":[{"href":"https:\/\/seosimply.com\/fi\/wp-json\/wp\/v2\/types\/page"}],"author":[{"embeddable":true,"href":"https:\/\/seosimply.com\/fi\/wp-json\/wp\/v2\/users\/1"}],"replies":[{"embeddable":true,"href":"https:\/\/seosimply.com\/fi\/wp-json\/wp\/v2\/comments?post=16"}],"version-history":[{"count":0,"href":"https:\/\/seosimply.com\/fi\/wp-json\/wp\/v2\/pages\/16\/revisions"}],"wp:attachment":[{"href":"https:\/\/seosimply.com\/fi\/wp-json\/wp\/v2\/media?parent=16"}],"curies":[{"name":"wp","href":"https:\/\/api.w.org\/{rel}","templated":true}]}}