{"id":19,"date":"2023-06-21T13:08:46","date_gmt":"2023-06-21T10:08:46","guid":{"rendered":"https:\/\/seosimply.com\/fi\/?page_id=19"},"modified":"2025-02-17T13:13:12","modified_gmt":"2025-02-17T10:13:12","slug":"keyword-research","status":"publish","type":"page","link":"https:\/\/seosimply.com\/fi\/keyword-research","title":{"rendered":"Tarkkuuteen Perustuva Avainsanatutkimus"},"content":{"rendered":"\n<h2 class=\"wp-block-heading\">Strategiset Oivallukset Digitaaliseen Hallintaan<\/h2>\n\n\n\n<p>Dynaamisessa digitaalisen markkinoinnin maisemassa tehokas avainsanatutkimus on onnistuneen SEO-strategian kulmakivi. Erikoistunut palvelumme ylitt\u00e4\u00e4 perustason hakutermin m\u00e4\u00e4rittelyn, sukeltaen analyyttisiin arviointeihin hakutiheydest\u00e4, kyselyiden ryhmittelyist\u00e4 ja kilpailullisesta semanttisesta analyysist\u00e4. T\u00e4m\u00e4 kattava opas erittelee metodisen l\u00e4hestymistapamme avainsanatutkimukseen, tukien verkkosivustosi n\u00e4kyvyytt\u00e4 ja suorituskyky\u00e4 tietoon perustuvalla tarkkuudella.<\/p>\n\n\n\n<h2 class=\"wp-block-heading\">Avainsanatutkimus<\/h2>\n\n\n\n<p><strong>SEO:n Selk\u00e4ranka<\/strong><\/p>\n\n\n\n<p>Avainsanatutkimus on analyyttinen prosessi, jossa tunnistetaan kohdeyleis\u00f6llesi ja liiketoimintatavoitteillesi arvokkaimmat termit ja lauseet. Asiantuntemuksemme ulottuu:<\/p>\n\n\n\n<ul>\n<li><strong>Hakukyselyiden Taajuusanalyysi:<\/strong> Arvioimme kyselyjen taajuutta hakukoneissa, jotta voimme priorisoida avainsanat, jotka maksimoivat n\u00e4kyvyyden ja relevanssin.<\/li>\n\n\n\n<li><strong>Kyselyiden Ryhmittely Sivuston Sivuittain:<\/strong> K\u00e4yt\u00e4mme kehittyneit\u00e4 ryhmittelytekniikoita jakamaan kyselyt sivustosi sivuille, optimoiden kunkin sivun teemaan keskittyv\u00e4n fokuksen ja hakukoneiden sijoittumispotentiaalin.<\/li>\n\n\n\n<li><strong>Kilpailullinen Semanttinen Ker\u00e4ys:<\/strong> Hy\u00f6dynn\u00e4mme kilpailijoiden sivustojen oivalluksia kootaksemme kattavan semanttisen tietokannan, varmistaen, ett\u00e4 sis\u00e4lt\u00f6strategiasi on kilpailukykyinen ja kattava.<\/li>\n<\/ul>\n\n\n\n<h2 class=\"wp-block-heading\">Kehittyneiden Avainsanastrategioiden K\u00e4ytt\u00f6\u00f6notto<\/h2>\n\n\n\n<p>Syv\u00e4llisten markkinatietojen ja hakukonealgoritmien monimutkaisen ymm\u00e4rryksen varustettuna luomme r\u00e4\u00e4t\u00e4l\u00f6idyn avainsanastrategian, joka toimii sinun online-sis\u00e4lt\u00f6si ja SEO-kampanjoidesi pohjapiirroksena. T\u00e4m\u00e4 strategia korostaa:<\/p>\n\n\n\n<ul>\n<li><strong>Tarkkuutta Hakukyselyiden Valinnassa:<\/strong> Valitsemme avainsanat hakutiheyden ja tuotteesi tai palvelusi relevanssin perusteella, varmistaen kohdennetun n\u00e4kyvyyden korkean aikomuksen k\u00e4ytt\u00e4jille.<\/li>\n\n\n\n<li><strong>Optimoitu Sivuryhmittely:<\/strong> J\u00e4rjest\u00e4mme sis\u00e4ll\u00f6n systemaattisesti avainsanaryhmien ymp\u00e4rille parantaaksemme sivustorakennetta ja k\u00e4ytt\u00e4j\u00e4navigointia, mik\u00e4 suoraan vaikuttaa hakukoneiden sijoituksiin ja k\u00e4ytt\u00e4j\u00e4kokemukseen.<\/li>\n\n\n\n<li><strong>Kilpailullisten Oivallusten Hy\u00f6dynt\u00e4minen:<\/strong> Analysoimme ja integroimme hakusemanttiikkaa kilpailijoilta, tunnistamme markkinoiden aukot ja mahdollisuudet, sijoittaen sis\u00e4lt\u00f6si t\u00e4ytt\u00e4m\u00e4\u00e4n t\u00e4ytt\u00e4m\u00e4tt\u00f6m\u00e4t k\u00e4ytt\u00e4j\u00e4tarpeet.<\/li>\n<\/ul>\n\n\n\n<p>Ammattimaisten avainsanatutkimuspalveluiden saamiseksi harkitse <a href=\"#pricing\" title=\"\">SEO Simply -paketin valitsemista<\/a>. Avainsanatutkimusty\u00f6kalujen k\u00e4ytt\u00f6 on avainkohdassa nostamaan sivustosi TOP-10 hakutuloksiin.<\/p>\n","protected":false},"excerpt":{"rendered":"<p>Digitaalisen Strategiasi Optimointi<\/p>\n","protected":false},"author":1,"featured_media":0,"parent":0,"menu_order":5,"comment_status":"closed","ping_status":"closed","template":"services.php","meta":{"footnotes":""},"acf":[],"aioseo_notices":[],"_links":{"self":[{"href":"https:\/\/seosimply.com\/fi\/wp-json\/wp\/v2\/pages\/19"}],"collection":[{"href":"https:\/\/seosimply.com\/fi\/wp-json\/wp\/v2\/pages"}],"about":[{"href":"https:\/\/seosimply.com\/fi\/wp-json\/wp\/v2\/types\/page"}],"author":[{"embeddable":true,"href":"https:\/\/seosimply.com\/fi\/wp-json\/wp\/v2\/users\/1"}],"replies":[{"embeddable":true,"href":"https:\/\/seosimply.com\/fi\/wp-json\/wp\/v2\/comments?post=19"}],"version-history":[{"count":0,"href":"https:\/\/seosimply.com\/fi\/wp-json\/wp\/v2\/pages\/19\/revisions"}],"wp:attachment":[{"href":"https:\/\/seosimply.com\/fi\/wp-json\/wp\/v2\/media?parent=19"}],"curies":[{"name":"wp","href":"https:\/\/api.w.org\/{rel}","templated":true}]}}