{"id":5,"date":"2023-06-21T12:42:59","date_gmt":"2023-06-21T09:42:59","guid":{"rendered":"https:\/\/seosimply.com\/fi\/?page_id=5"},"modified":"2025-05-03T16:03:49","modified_gmt":"2025-05-03T13:03:49","slug":"main","status":"publish","type":"page","link":"https:\/\/seosimply.com\/fi\/","title":{"rendered":"MITEN SEO-PALVELUT TOIMIVAT?"},"content":{"rendered":"\n<figure class=\"wp-block-image size-full\"><img loading=\"lazy\" decoding=\"async\" width=\"906\" height=\"400\" src=\"https:\/\/seosimply.com\/fi\/wp-content\/uploads\/services-work-1.jpg\" alt=\"\" class=\"wp-image-68\"\/><\/figure>\n\n\n\n<p>Tarjoamme t\u00e4yden valikoiman hakukoneoptimoinnin palveluita: tekniset ja SEO-tarkastukset, metatunnisteiden optimointi, kilpailija-analyysit, linkkiprofiilin arviointi, linkinrakennus ja avainsanojen seuranta \u2013 kaikki r\u00e4\u00e4t\u00e4l\u00f6ity tarpeidesi mukaan.<\/p>\n\n\n\n<h3 class=\"wp-block-heading\">Ty\u00f6 alkaa tarkalla SEO-auditoinnilla<\/h3>\n\n\n\n<p>Auditoinnissa k\u00e4yd\u00e4\u00e4n l\u00e4pi yli 200 hakukoneen huomioimaa tekij\u00e4\u00e4. Saat selke\u00e4n raportin, joka sis\u00e4lt\u00e4\u00e4:<\/p>\n\n\n\n<ul>\n<li>Listan teknisist\u00e4 ja SEO-virheist\u00e4<\/li>\n\n\n\n<li>Teknisen ohjeistuksen kehitt\u00e4j\u00e4llesi<\/li>\n\n\n\n<li>Toimenpide-ehdotukset sis\u00e4iseen optimointiin<\/li>\n<\/ul>\n\n\n\n<h3 class=\"wp-block-heading\">Teknisten ongelmien korjaaminen on perusta<\/h3>\n\n\n\n<p>SEO ei toimi kunnolla ilman teknisesti toimivaa sivustoa. Korjaamme virheet puolestasi \u2013 tai kehitt\u00e4j\u00e4si voi hoitaa ne ohjeidemme mukaan. Jokainen paketti sis\u00e4lt\u00e4\u00e4 aikaa teknisiin korjauksiin.<\/p>\n\n\n\n<h3 class=\"wp-block-heading\">Kilpailija-analyysi auttaa parantamaan sivustoasi<\/h3>\n\n\n\n<p>Analysoimme k\u00e4rkisijoilla olevat kilpailijat ja selvit\u00e4mme, mik\u00e4 tekee heid\u00e4n sivuistaan menestyvi\u00e4. N\u00e4in rakennamme toimivan sis\u00e4ll\u00f6n- ja linkkistrategian sinun yrityksellesi.<\/p>\n\n\n\n<h3 class=\"wp-block-heading\">Avainsanatutkimus ja semanttisen ytimen muodostaminen<\/h3>\n\n\n\n<p>Valitsemme liiketoimintaasi parhaiten sopivat hakusanat, joiden avulla parannat n\u00e4kyvyytt\u00e4si hakukoneissa.<\/p>\n\n\n\n<h3 class=\"wp-block-heading\">Sivuston sis\u00e4inen optimointi tuo tuloksia<\/h3>\n\n\n\n<p>Optimoimme otsikot, metatunnisteet, kuvien alt-tekstit ja sivustorakenteen \u2013 kaikki, mik\u00e4 auttaa sek\u00e4 hakukoneita ett\u00e4 k\u00e4vij\u00f6it\u00e4 l\u00f6yt\u00e4m\u00e4\u00e4n sis\u00e4lt\u00f6si paremmin.<\/p>\n\n\n\n<h3 class=\"wp-block-heading\">Linkinrakennus \u2013 jatkuva ja suunnitelmallinen prosessi<\/h3>\n\n\n\n<p>Laadukkaat linkit muilta sivustoilta parantavat luottamusta ja n\u00e4kyvyytt\u00e4. Rakennamme luonnollisen linkkiprofiilin kilpailija-analyysin pohjalta.<\/p>\n\n\n\n<h3 class=\"wp-block-heading\">Kuukausittaiset raportit selke\u00e4sti ja l\u00e4pin\u00e4kyv\u00e4sti<\/h3>\n\n\n\n<p>Saat joka kuukausi raportin teht\u00e4vist\u00e4, tuloksista ja suosituksista. N\u00e4et konkreettisesti, miten sijoitukset ja n\u00e4kyvyys kehittyv\u00e4t.<\/p>\n","protected":false},"excerpt":{"rendered":"<p>Pysy kilpailijoidesi edell\u00e4 asiantuntevilla ja kattavilla SEO-palveluillamme.<\/p>\n","protected":false},"author":1,"featured_media":0,"parent":0,"menu_order":0,"comment_status":"closed","ping_status":"closed","template":"front-page.php","meta":{"footnotes":""},"acf":[],"aioseo_notices":[],"_links":{"self":[{"href":"https:\/\/seosimply.com\/fi\/wp-json\/wp\/v2\/pages\/5"}],"collection":[{"href":"https:\/\/seosimply.com\/fi\/wp-json\/wp\/v2\/pages"}],"about":[{"href":"https:\/\/seosimply.com\/fi\/wp-json\/wp\/v2\/types\/page"}],"author":[{"embeddable":true,"href":"https:\/\/seosimply.com\/fi\/wp-json\/wp\/v2\/users\/1"}],"replies":[{"embeddable":true,"href":"https:\/\/seosimply.com\/fi\/wp-json\/wp\/v2\/comments?post=5"}],"version-history":[{"count":0,"href":"https:\/\/seosimply.com\/fi\/wp-json\/wp\/v2\/pages\/5\/revisions"}],"wp:attachment":[{"href":"https:\/\/seosimply.com\/fi\/wp-json\/wp\/v2\/media?parent=5"}],"curies":[{"name":"wp","href":"https:\/\/api.w.org\/{rel}","templated":true}]}}